{"id":115,"date":"2016-08-29T13:04:52","date_gmt":"2016-08-29T13:04:52","guid":{"rendered":"http:\/\/colegiosantateresita.edu.py\/web\/?page_id=115"},"modified":"2023-10-26T11:52:59","modified_gmt":"2023-10-26T11:52:59","slug":"normas-de-convivencia-institucional","status":"publish","type":"page","link":"https:\/\/colegiosantateresita.edu.py\/web\/normas-de-convivencia-institucional\/","title":{"rendered":"Normativas de Convivencia Institucional"},"content":{"rendered":"<ul>\n<li>Comunicaci\u00f3n Colegio &#8211; Familia\n<ul>\n<li>Atenci\u00f3n a padres<\/li>\n<li>Cuaderno de Aviso<\/li>\n<li>Registro anecd\u00f3tico mensual<\/li>\n<\/ul>\n<\/li>\n<li>Relaci\u00f3n respetuosa<\/li>\n<li>Puntualidad a clases<\/li>\n<li>Ausencias<\/li>\n<li>Uso del uniforme<\/li>\n<li>Atenci\u00f3n al orden y a la limpieza<\/li>\n<li>Cuidado de los \u00fatiles y prendas, propios y ajenos<\/li>\n<li>Uso de elementos tecnol\u00f3gicos<\/li>\n<\/ul>\n\n\n<div data-wp-interactive=\"core\/file\" class=\"wp-block-file\"><object data-wp-bind--hidden=\"!state.hasPdfPreview\" hidden class=\"wp-block-file__embed\" data=\"https:\/\/colegiosantateresita.edu.py\/web\/wp-content\/uploads\/2023\/10\/NORMAS-DE-CONVIVENCIA.pdf\" type=\"application\/pdf\" style=\"width:100%;height:600px\" aria-label=\"Incrustado de NORMAS-DE-CONVIVENCIA.\"><\/object><a id=\"wp-block-file--media-0d84f201-c1cf-45bd-b1c2-dfcd6a03eadd\" href=\"https:\/\/colegiosantateresita.edu.py\/web\/wp-content\/uploads\/2023\/10\/NORMAS-DE-CONVIVENCIA.pdf\">NORMAS-DE-CONVIVENCIA<\/a><a href=\"https:\/\/colegiosantateresita.edu.py\/web\/wp-content\/uploads\/2023\/10\/NORMAS-DE-CONVIVENCIA.pdf\" class=\"wp-block-file__button wp-element-button\" download aria-describedby=\"wp-block-file--media-0d84f201-c1cf-45bd-b1c2-dfcd6a03eadd\">Descarga<\/a><\/div>\n","protected":false},"excerpt":{"rendered":"<p>Comunicaci\u00f3n Colegio &#8211; Familia Atenci\u00f3n a padres Cuaderno de Aviso Registro anecd\u00f3tico mensual Relaci\u00f3n respetuosa Puntualidad a clases Ausencias Uso del uniforme Atenci\u00f3n al orden y a la limpieza Cuidado de los \u00fatiles y prendas, propios y ajenos Uso de <a href=\"https:\/\/colegiosantateresita.edu.py\/web\/normas-de-convivencia-institucional\/\" class=\"read-more\">Leer m\u00e1s &#8230;<\/a><\/p>\n","protected":false},"author":2,"featured_media":140,"parent":0,"menu_order":0,"comment_status":"closed","ping_status":"closed","template":"","meta":{"footnotes":""},"class_list":["post-115","page","type-page","status-publish","has-post-thumbnail","hentry"],"_links":{"self":[{"href":"https:\/\/colegiosantateresita.edu.py\/web\/wp-json\/wp\/v2\/pages\/115","targetHints":{"allow":["GET"]}}],"collection":[{"href":"https:\/\/colegiosantateresita.edu.py\/web\/wp-json\/wp\/v2\/pages"}],"about":[{"href":"https:\/\/colegiosantateresita.edu.py\/web\/wp-json\/wp\/v2\/types\/page"}],"author":[{"embeddable":true,"href":"https:\/\/colegiosantateresita.edu.py\/web\/wp-json\/wp\/v2\/users\/2"}],"replies":[{"embeddable":true,"href":"https:\/\/colegiosantateresita.edu.py\/web\/wp-json\/wp\/v2\/comments?post=115"}],"version-history":[{"count":3,"href":"https:\/\/colegiosantateresita.edu.py\/web\/wp-json\/wp\/v2\/pages\/115\/revisions"}],"predecessor-version":[{"id":660,"href":"https:\/\/colegiosantateresita.edu.py\/web\/wp-json\/wp\/v2\/pages\/115\/revisions\/660"}],"wp:featuredmedia":[{"embeddable":true,"href":"https:\/\/colegiosantateresita.edu.py\/web\/wp-json\/wp\/v2\/media\/140"}],"wp:attachment":[{"href":"https:\/\/colegiosantateresita.edu.py\/web\/wp-json\/wp\/v2\/media?parent=115"}],"curies":[{"name":"wp","href":"https:\/\/api.w.org\/{rel}","templated":true}]}}