{"id":42,"date":"2016-08-05T18:25:49","date_gmt":"2016-08-05T18:25:49","guid":{"rendered":"http:\/\/colegiosantateresita.edu.py\/web\/?page_id=42"},"modified":"2016-08-05T18:25:49","modified_gmt":"2016-08-05T18:25:49","slug":"cookies","status":"publish","type":"page","link":"https:\/\/colegiosantateresita.edu.py\/web\/cookies\/","title":{"rendered":"Cookies"},"content":{"rendered":"<p><strong>\u00bfQU\u00c9 SON LAS COOKIES?<\/strong><\/p>\n<p>Las cookies son peque\u00f1os fragmentos de texto que se ubican en el disco duro de tu ordenador cuando visitas determinados sitios web.<\/p>\n<p>Uno de nuestros principales compromisos se basa en conseguir que la experiencia online e interacci\u00f3n con nuestro sitio web resulte agradable, accesible y pr\u00e1ctica, proporcion\u00e1ndole de ese modo la mejor experiencia posible durante la visita. Para ello, el uso de cookies por nuestra parte resulta imprescindible.<\/p>\n<p><strong>\u00bfPARA QU\u00c9 SIRVEN?<\/strong><\/p>\n<p>El sitio web utiliza cookies para, por ejemplo, obtener informaci\u00f3n de si se trata de una primera visita o, por el contrario, ya lo ha visitado antes, as\u00ed como para identificar las secciones sobre las ha mostrado mayor inter\u00e9s.<\/p>\n<p>De ese modo, las cookies permiten mejorar la experiencia de navegaci\u00f3n, ya que guardan preferencias que posteriormente agilizan la visita y, por tanto, la propia navegaci\u00f3n.<\/p>\n<p><strong>COOKIES DE TERCEROS<\/strong><\/p>\n<p>Otros terceros tambi\u00e9n pueden ubicar cookies en tu dispositivo al visitar nuestro sitio web. Dichas cookies son similares a las cookies de \u201corigen\u201d, origin\u00e1ndose, no obstante, en un dominio diferente al que est\u00e1s visitando.<\/p>\n<p>En dicho sentido, hay que tener en cuenta que la mayor\u00eda de exploradores indicar\u00e1n como se ha de detener la admisi\u00f3n de cookies, c\u00f3mo recibir una notificaci\u00f3n cuando se reciba una nueva cookie y c\u00f3mo deshabilitar las cookies existentes, debiendo considerar en todo momento que, si no son aceptadas las cookies, puede que no se aprovechen al m\u00e1ximo todas las funciones de este sitio web.<\/p>\n<p><strong>GOOGLE ANALYTICS<\/strong><\/p>\n<p>Este sitio web utiliza el servicio prestado por Google Analytics, un servicio de anal\u00edtica web, proporcionado por Google, Inc, que utiliza cookies que permiten analizar el modo en que los usuarios utilizan los servicios ofrecidos a trav\u00e9s del sitio web, lo que nos posibilita conocer en mayor medida sus preferencias y, en consecuencia, prestarle el mejor servicio posible.<\/p>\n<p>La informaci\u00f3n generada por la cookie sobre el uso del sitio web (direcci\u00f3n IP, URL visitada, fecha y hora de visualizaci\u00f3n de la p\u00e1gina, etc.) se transmite y es almacenada por Google en servidores de Estados Unidos, informaci\u00f3n que Google utiliza para controlar el uso del sitio web recopilando informes sobre la actividad del mismo.<\/p>\n<p>Google puede transferir esta informaci\u00f3n a terceros si as\u00ed lo requiere la Ley o dichos terceros procesan la informaci\u00f3n en nombre de Google.<\/p>\n<p>En cualquier momento puede ser rechazado el uso de cookies seleccionando los ajustes correspondientes del explorador utilizado.<\/p>\n<p><strong>ACEPTACI\u00d3N DE LA POL\u00cdTICA DE COOKIES<\/strong><\/p>\n<p>Asumimos que el usuario de nuestro sitio web acepta el uso de cookies, considerando que, si contin\u00faa la navegaci\u00f3n tras contemplar lo reflejado en el presente texto, est\u00e1 aceptando expl\u00edcitamente lo que se indica en el mismo y en el Aviso legal establecido.<\/p>\n<p>C\u00d3MO MODIFICAR LA CONFIGURACI\u00d3N DE LAS COOKIES<\/p>\n<p>Tal como anteriormente se indicaba, puede restringir, bloquear o borrar las cookies relacionadas con nuestro sitio web utilizando su navegador. En dicho sentido, siendo diferente la operativa en cada uno, ha de tener en cuenta que la funci\u00f3n de \u2018Ayuda\u2019 de los mismos le mostrar\u00e1 c\u00f3mo hacerlo.<\/p>\n<p>No obstante, a continuaci\u00f3n le indicamos enlaces de acceso sobre la administraci\u00f3n de cookies en los principales navegadores utilizados hoy en d\u00eda:<\/p>\n<p>Internet Explorer: www.windows.microsoft.com\/es-xl\/internet-explorer\/delete-manage-cookies#ie=\u201die-10\u2033.<br \/>\nFireFox: www.support.mozilla.org\/es\/kb\/Borrar%20cookies.<br \/>\nChrome: www.support.google.com\/chrome\/answer\/95647?hl=\u201des\u201d.<br \/>\nSafari: www.apple.com\/es\/privacy\/use-of-cookies.<br \/>\nJunto a ello, le informamos que tambi\u00e9n puede gestionar el almacenamiento de cookies en su navegador a trav\u00e9s de herramientas como las siguientes:<\/p>\n<p>Ghostery: www.ghostery.com.<br \/>\nYour Online Choices: www.youronlinechoices.com\/es.<\/p>\n","protected":false},"excerpt":{"rendered":"<p>\u00bfQU\u00c9 SON LAS COOKIES? Las cookies son peque\u00f1os fragmentos de texto que se ubican en el disco duro de tu ordenador cuando visitas determinados sitios web. Uno de nuestros principales compromisos se basa en conseguir que la experiencia online e <a href=\"https:\/\/colegiosantateresita.edu.py\/web\/cookies\/\" class=\"read-more\">Leer m\u00e1s &#8230;<\/a><\/p>\n","protected":false},"author":1,"featured_media":0,"parent":0,"menu_order":0,"comment_status":"closed","ping_status":"closed","template":"","meta":{"footnotes":""},"class_list":["post-42","page","type-page","status-publish","hentry"],"_links":{"self":[{"href":"https:\/\/colegiosantateresita.edu.py\/web\/wp-json\/wp\/v2\/pages\/42","targetHints":{"allow":["GET"]}}],"collection":[{"href":"https:\/\/colegiosantateresita.edu.py\/web\/wp-json\/wp\/v2\/pages"}],"about":[{"href":"https:\/\/colegiosantateresita.edu.py\/web\/wp-json\/wp\/v2\/types\/page"}],"author":[{"embeddable":true,"href":"https:\/\/colegiosantateresita.edu.py\/web\/wp-json\/wp\/v2\/users\/1"}],"replies":[{"embeddable":true,"href":"https:\/\/colegiosantateresita.edu.py\/web\/wp-json\/wp\/v2\/comments?post=42"}],"version-history":[{"count":1,"href":"https:\/\/colegiosantateresita.edu.py\/web\/wp-json\/wp\/v2\/pages\/42\/revisions"}],"predecessor-version":[{"id":43,"href":"https:\/\/colegiosantateresita.edu.py\/web\/wp-json\/wp\/v2\/pages\/42\/revisions\/43"}],"wp:attachment":[{"href":"https:\/\/colegiosantateresita.edu.py\/web\/wp-json\/wp\/v2\/media?parent=42"}],"curies":[{"name":"wp","href":"https:\/\/api.w.org\/{rel}","templated":true}]}}