{"id":66,"date":"2016-08-08T23:54:20","date_gmt":"2016-08-08T23:54:20","guid":{"rendered":"http:\/\/colegiosantateresita.edu.py\/web\/?page_id=66"},"modified":"2016-08-08T23:54:20","modified_gmt":"2016-08-08T23:54:20","slug":"enfasis-institucional","status":"publish","type":"page","link":"https:\/\/colegiosantateresita.edu.py\/web\/enfasis-institucional\/","title":{"rendered":"\u00c9nfasis Institucional"},"content":{"rendered":"<ul>\n<li dir=\"ltr\">\n<p dir=\"ltr\">Ingl\u00e9s<\/p>\n<\/li>\n<li dir=\"ltr\">\n<p dir=\"ltr\">Inform\u00e1tica<\/p>\n<\/li>\n<li dir=\"ltr\">\n<p dir=\"ltr\">Laboratorio de F\u00edsica y Qu\u00edmica<\/p>\n<\/li>\n<li dir=\"ltr\">\n<p dir=\"ltr\">Metodolog\u00eda<\/p>\n<\/li>\n<li dir=\"ltr\">\n<p dir=\"ltr\">Artes (M\u00fasica, Danza y Artes Pl\u00e1sticas)<\/p>\n<\/li>\n<li dir=\"ltr\">\n<p dir=\"ltr\">Formaci\u00f3n Religiosa (Catequesis)<\/p>\n<\/li>\n<li dir=\"ltr\">\n<p dir=\"ltr\">Talleres de Matem\u00e1tica<\/p>\n<\/li>\n<li dir=\"ltr\">\n<p dir=\"ltr\">Refuerzo Acad\u00e9mico<\/p>\n<\/li>\n<\/ul>\n<p>&nbsp;<\/p>\n","protected":false},"excerpt":{"rendered":"<p>Ingl\u00e9s Inform\u00e1tica Laboratorio de F\u00edsica y Qu\u00edmica Metodolog\u00eda Artes (M\u00fasica, Danza y Artes Pl\u00e1sticas) Formaci\u00f3n Religiosa (Catequesis) Talleres de Matem\u00e1tica Refuerzo Acad\u00e9mico &nbsp;<\/p>\n","protected":false},"author":1,"featured_media":0,"parent":0,"menu_order":0,"comment_status":"closed","ping_status":"closed","template":"","meta":{"footnotes":""},"class_list":["post-66","page","type-page","status-publish","hentry"],"_links":{"self":[{"href":"https:\/\/colegiosantateresita.edu.py\/web\/wp-json\/wp\/v2\/pages\/66","targetHints":{"allow":["GET"]}}],"collection":[{"href":"https:\/\/colegiosantateresita.edu.py\/web\/wp-json\/wp\/v2\/pages"}],"about":[{"href":"https:\/\/colegiosantateresita.edu.py\/web\/wp-json\/wp\/v2\/types\/page"}],"author":[{"embeddable":true,"href":"https:\/\/colegiosantateresita.edu.py\/web\/wp-json\/wp\/v2\/users\/1"}],"replies":[{"embeddable":true,"href":"https:\/\/colegiosantateresita.edu.py\/web\/wp-json\/wp\/v2\/comments?post=66"}],"version-history":[{"count":1,"href":"https:\/\/colegiosantateresita.edu.py\/web\/wp-json\/wp\/v2\/pages\/66\/revisions"}],"predecessor-version":[{"id":67,"href":"https:\/\/colegiosantateresita.edu.py\/web\/wp-json\/wp\/v2\/pages\/66\/revisions\/67"}],"wp:attachment":[{"href":"https:\/\/colegiosantateresita.edu.py\/web\/wp-json\/wp\/v2\/media?parent=66"}],"curies":[{"name":"wp","href":"https:\/\/api.w.org\/{rel}","templated":true}]}}